{"id":4337,"date":"2021-02-25T11:45:03","date_gmt":"2021-02-25T11:45:03","guid":{"rendered":"https:\/\/dolcefarinaniente.hu\/?page_id=4337"},"modified":"2022-06-01T09:11:28","modified_gmt":"2022-06-01T09:11:28","slug":"about","status":"publish","type":"page","link":"https:\/\/fragolafree.hu\/en\/about\/","title":{"rendered":"About Us"},"content":{"rendered":"<div data-elementor-type=\"wp-page\" data-elementor-id=\"4337\" class=\"elementor elementor-4337\">\n\t\t\t\t\t\t\t\t\t<section class=\"elementor-section elementor-inner-section elementor-element elementor-element-5efcb21e elementor-section-full_width elementor-reverse-mobile elementor-section-height-default elementor-section-height-default\" data-id=\"5efcb21e\" data-element_type=\"section\" data-settings=\"{&quot;background_background&quot;:&quot;classic&quot;,&quot;animation&quot;:&quot;none&quot;}\">\n\t\t\t\t\t\t<div class=\"elementor-container elementor-column-gap-default\">\n\t\t\t\t\t<div class=\"elementor-column elementor-col-50 elementor-inner-column elementor-element elementor-element-29660fca\" data-id=\"29660fca\" data-element_type=\"column\" data-settings=\"{&quot;animation&quot;:&quot;none&quot;}\">\n\t\t\t<div class=\"elementor-widget-wrap elementor-element-populated\">\n\t\t\t\t\t\t\t\t<div class=\"elementor-element elementor-element-30158428 elementor-widget elementor-widget-heading\" data-id=\"30158428\" data-element_type=\"widget\" data-widget_type=\"heading.default\">\n\t\t\t\t<div class=\"elementor-widget-container\">\n\t\t\t<h2 class=\"elementor-heading-title elementor-size-default\"><span class=\"elementor-heading-title elementor-size-default elementor-inline-editing pen\" data-elementor-setting-key=\"title\" data-pen-placeholder=\"Type Here...\" style=\"font-style: normal; clear: both; line-height: 1.5; overflow-wrap: break-word;\">R\u00d3LUNK<\/span><\/h2>\t\t<\/div>\n\t\t\t\t<\/div>\n\t\t\t\t<div class=\"elementor-element elementor-element-33f62f6f elementor-widget elementor-widget-text-editor\" data-id=\"33f62f6f\" data-element_type=\"widget\" data-widget_type=\"text-editor.default\">\n\t\t\t\t<div class=\"elementor-widget-container\">\n\t\t\t\t\t\t\t<p style=\"font-size: 13px; font-style: normal;\">The Dolce Farina Niente \u2013 \u2018The gluten-free Italian bistro\u2019 \u2013 has been designed with health-consciousness in mind not only for our gluten intolerant guests but also for those who want to eat in a healthy way. Our restaurants have been opened to make life easier for families and group of friends whose diet eliminates gluten, sugar and lactose, but still wish to enjoy themselves in a cosy environment without making compromises. You can consume delicious foods, drinks and desserts in a place that feels like home. Our cooks take your unique requests into consideration when preparing your food and it feels like having your own chef in your own kitchen at home. The staff will make sure, that you are pampered by our special food and drink options.<\/p><p style=\"font-size: 13px; font-style: normal;\">We hope to see you soon and again!<\/p><p style=\"font-size: 13px; font-style: normal;\">Best regards,<\/p><p style=\"font-size: 13px; font-style: normal;\">Bal\u00e1zs T\u00f6r\u00f6k &amp; Eszter Tihanyi and the Girls&nbsp;<br>Owners<\/p>\t\t\t\t\t\t<\/div>\n\t\t\t\t<\/div>\n\t\t\t\t\t<\/div>\n\t\t<\/div>\n\t\t\t\t<div class=\"elementor-column elementor-col-50 elementor-inner-column elementor-element elementor-element-39ac0f25\" data-id=\"39ac0f25\" data-element_type=\"column\">\n\t\t\t<div class=\"elementor-widget-wrap elementor-element-populated\">\n\t\t\t\t\t\t\t\t<div class=\"elementor-element elementor-element-68d6b8ea elementor-widget elementor-widget-image\" data-id=\"68d6b8ea\" data-element_type=\"widget\" data-widget_type=\"image.default\">\n\t\t\t\t<div class=\"elementor-widget-container\">\n\t\t\t\t\t\t\t\t\t\t\t\t\t\t\t<img decoding=\"async\" width=\"1024\" height=\"980\" src=\"https:\/\/fragolafree.hu\/wp-content\/uploads\/2022\/05\/IMG_4142-scaled-1024x980.jpg\" class=\"attachment-large size-large wp-image-5344\" alt=\"\" srcset=\"https:\/\/fragolafree.hu\/wp-content\/uploads\/2022\/05\/IMG_4142-scaled-1024x980.jpg 1024w, https:\/\/fragolafree.hu\/wp-content\/uploads\/2022\/05\/IMG_4142-scaled-300x287.jpg 300w, https:\/\/fragolafree.hu\/wp-content\/uploads\/2022\/05\/IMG_4142-scaled-768x735.jpg 768w, https:\/\/fragolafree.hu\/wp-content\/uploads\/2022\/05\/IMG_4142-scaled-1536x1471.jpg 1536w, https:\/\/fragolafree.hu\/wp-content\/uploads\/2022\/05\/IMG_4142-scaled-2048x1961.jpg 2048w, https:\/\/fragolafree.hu\/wp-content\/uploads\/2022\/05\/IMG_4142-scaled-13x12.jpg 13w\" sizes=\"(max-width: 1024px) 100vw, 1024px\" \/>\t\t\t\t\t\t\t\t\t\t\t\t\t\t\t<\/div>\n\t\t\t\t<\/div>\n\t\t\t\t\t<\/div>\n\t\t<\/div>\n\t\t\t\t\t\t\t<\/div>\n\t\t<\/section>\n\t\t\t\t<section class=\"elementor-section elementor-inner-section elementor-element elementor-element-53a8c656 elementor-section-full_width elementor-section-height-default elementor-section-height-default\" data-id=\"53a8c656\" data-element_type=\"section\" data-settings=\"{&quot;background_background&quot;:&quot;classic&quot;,&quot;animation&quot;:&quot;none&quot;}\">\n\t\t\t\t\t\t<div class=\"elementor-container elementor-column-gap-default\">\n\t\t\t\t\t<div class=\"elementor-column elementor-col-50 elementor-inner-column elementor-element elementor-element-347b95f2\" data-id=\"347b95f2\" data-element_type=\"column\">\n\t\t\t<div class=\"elementor-widget-wrap elementor-element-populated\">\n\t\t\t\t\t\t\t\t<div class=\"elementor-element elementor-element-796c5305 elementor-widget elementor-widget-image\" data-id=\"796c5305\" data-element_type=\"widget\" data-widget_type=\"image.default\">\n\t\t\t\t<div class=\"elementor-widget-container\">\n\t\t\t\t\t\t\t\t\t\t\t\t\t\t\t<img decoding=\"async\" width=\"1024\" height=\"683\" src=\"https:\/\/fragolafree.hu\/wp-content\/uploads\/2021\/02\/ml_200922_0426-scaled-1024x683.jpg\" class=\"attachment-large size-large wp-image-3762\" alt=\"\" srcset=\"https:\/\/fragolafree.hu\/wp-content\/uploads\/2021\/02\/ml_200922_0426-scaled-1024x683.jpg 1024w, https:\/\/fragolafree.hu\/wp-content\/uploads\/2021\/02\/ml_200922_0426-scaled-300x200.jpg 300w, https:\/\/fragolafree.hu\/wp-content\/uploads\/2021\/02\/ml_200922_0426-scaled-768x512.jpg 768w, https:\/\/fragolafree.hu\/wp-content\/uploads\/2021\/02\/ml_200922_0426-scaled-1536x1024.jpg 1536w, https:\/\/fragolafree.hu\/wp-content\/uploads\/2021\/02\/ml_200922_0426-scaled-2048x1366.jpg 2048w\" sizes=\"(max-width: 1024px) 100vw, 1024px\" \/>\t\t\t\t\t\t\t\t\t\t\t\t\t\t\t<\/div>\n\t\t\t\t<\/div>\n\t\t\t\t\t<\/div>\n\t\t<\/div>\n\t\t\t\t<div class=\"elementor-column elementor-col-50 elementor-inner-column elementor-element elementor-element-6173a53b\" data-id=\"6173a53b\" data-element_type=\"column\" data-settings=\"{&quot;animation&quot;:&quot;none&quot;}\">\n\t\t\t<div class=\"elementor-widget-wrap elementor-element-populated\">\n\t\t\t\t\t\t\t\t<div class=\"elementor-element elementor-element-645ee58e elementor-widget elementor-widget-heading\" data-id=\"645ee58e\" data-element_type=\"widget\" data-widget_type=\"heading.default\">\n\t\t\t\t<div class=\"elementor-widget-container\">\n\t\t\t<h2 class=\"elementor-heading-title elementor-size-default\">Our Food<\/h2>\t\t<\/div>\n\t\t\t\t<\/div>\n\t\t\t\t<div class=\"elementor-element elementor-element-74827e19 elementor-widget elementor-widget-text-editor\" data-id=\"74827e19\" data-element_type=\"widget\" data-widget_type=\"text-editor.default\">\n\t\t\t\t<div class=\"elementor-widget-container\">\n\t\t\t\t\t\t\t<p>Our menu has been inspired by the Italian kitchen, our pizza and pasta selection, diverse soup offers, starters, gourmet salads, new, mixed meat &amp; vegetable main dishes, surprise deserts, delicious wines, cocktails all aim to offer a wide variety of choices. After you have tasted our food variations, drinking Italian coffee is a must-have. You will definitely love it!<\/p><p>See it for yourself!<\/p>\t\t\t\t\t\t<\/div>\n\t\t\t\t<\/div>\n\t\t\t\t<div class=\"elementor-element elementor-element-5aac00bc elementor-align-left elementor-widget elementor-widget-button\" data-id=\"5aac00bc\" data-element_type=\"widget\" data-widget_type=\"button.default\">\n\t\t\t\t<div class=\"elementor-widget-container\">\n\t\t\t\t\t<div class=\"elementor-button-wrapper\">\n\t\t\t<a class=\"elementor-button elementor-button-link elementor-size-sm\" href=\"https:\/\/fragolafree.hu\/en\/menu\/\">\n\t\t\t\t\t\t<span class=\"elementor-button-content-wrapper\">\n\t\t\t\t\t\t<span class=\"elementor-button-text\">Menu<\/span>\n\t\t<\/span>\n\t\t\t\t\t<\/a>\n\t\t<\/div>\n\t\t\t\t<\/div>\n\t\t\t\t<\/div>\n\t\t\t\t\t<\/div>\n\t\t<\/div>\n\t\t\t\t\t\t\t<\/div>\n\t\t<\/section>\n\t\t\t\t\t\t\t<\/div>","protected":false},"excerpt":{"rendered":"<p>R\u00d3LUNK A Dolce Farina Niente &#8211; &#8216;A glut\u00e9n mentes olasz&#8217; &#8211; egy eg\u00e9szs\u00e9gtudatosan kialak\u00edtott bisztr\u00f3 l\u00e1nc, nem csak glut\u00e9n \u00e9rz\u00e9kenyeknek, hanem valamennyi eg\u00e9szs\u00e9gesen \u00e9tkezni k\u00edv\u00e1n\u00f3 vend\u00e9g\u00fcnk sz\u00e1m\u00e1ra. \u00c9ttermeinket azzal a sz\u00e1nd\u00e9kkal nyitottuk, hogyha van a csal\u00e1dban, bar\u00e1ti k\u00f6rben glut\u00e9n, cukor, lakt\u00f3z elhagy\u00e1s\u00e1val, \u00e9l\u0151 szerett\u00fck, akkor a minim\u00e1lis kompromisszum n\u00e9lk\u00fcl, bar\u00e1ts\u00e1gos mili\u0151ben \u00e9lvezhess\u00e9k az egy\u00fctt t\u00f6lt\u00f6tt, &hellip;<\/p>\n<p class=\"read-more\"> <a class=\"\" href=\"https:\/\/fragolafree.hu\/en\/about\/\"> <span class=\"screen-reader-text\">About Us<\/span> Read More &raquo;<\/a><\/p>","protected":false},"author":1,"featured_media":0,"parent":0,"menu_order":0,"comment_status":"closed","ping_status":"closed","template":"","meta":{"footnotes":""},"class_list":["post-4337","page","type-page","status-publish","hentry"],"yoast_head":"<!-- This site is optimized with the Yoast SEO plugin v27.3 - https:\/\/yoast.com\/product\/yoast-seo-wordpress\/ -->\n<title>R\u00f3lunk - Dolce Farine Niente<\/title>\n<meta name=\"description\" content=\"A Dolce Farina Niente egy eg\u00e9szs\u00e9gtudatosan kialak\u00edtott bisztr\u00f3 l\u00e1nc, nem csak glut\u00e9n \u00e9rz\u00e9kenyeknek, hanem valamennyi eg\u00e9szs\u00e9gesen \u00e9tkezni k\u00edv\u00e1n\u00f3 vend\u00e9g\u00fcnk sz\u00e1m\u00e1ra.\" \/>\n<meta name=\"robots\" content=\"index, follow, max-snippet:-1, max-image-preview:large, max-video-preview:-1\" \/>\n<link rel=\"canonical\" href=\"https:\/\/fragolafree.hu\/en\/about\/\" \/>\n<meta property=\"og:locale\" content=\"en_US\" \/>\n<meta property=\"og:type\" content=\"article\" \/>\n<meta property=\"og:title\" content=\"R\u00f3lunk - Dolce Farine Niente\" \/>\n<meta property=\"og:description\" content=\"A Dolce Farina Niente egy eg\u00e9szs\u00e9gtudatosan kialak\u00edtott bisztr\u00f3 l\u00e1nc, nem csak glut\u00e9n \u00e9rz\u00e9kenyeknek, hanem valamennyi eg\u00e9szs\u00e9gesen \u00e9tkezni k\u00edv\u00e1n\u00f3 vend\u00e9g\u00fcnk sz\u00e1m\u00e1ra.\" \/>\n<meta property=\"og:url\" content=\"https:\/\/fragolafree.hu\/en\/about\/\" \/>\n<meta property=\"og:site_name\" content=\"Dolce Farine Niente\" \/>\n<meta property=\"article:modified_time\" content=\"2022-06-01T09:11:28+00:00\" \/>\n<meta property=\"og:image\" content=\"https:\/\/fragolafree.hu\/wp-content\/uploads\/2022\/05\/IMG_4142-scaled-1024x980.jpg\" \/>\n<meta name=\"twitter:card\" content=\"summary_large_image\" \/>\n<meta name=\"twitter:label1\" content=\"Est. reading time\" \/>\n\t<meta name=\"twitter:data1\" content=\"2 minutes\" \/>\n<script type=\"application\/ld+json\" class=\"yoast-schema-graph\">{\"@context\":\"https:\\\/\\\/schema.org\",\"@graph\":[{\"@type\":\"WebPage\",\"@id\":\"https:\\\/\\\/fragolafree.hu\\\/about\\\/\",\"url\":\"https:\\\/\\\/fragolafree.hu\\\/about\\\/\",\"name\":\"R\u00f3lunk - Dolce Farine Niente\",\"isPartOf\":{\"@id\":\"https:\\\/\\\/fragolafree.hu\\\/#website\"},\"primaryImageOfPage\":{\"@id\":\"https:\\\/\\\/fragolafree.hu\\\/about\\\/#primaryimage\"},\"image\":{\"@id\":\"https:\\\/\\\/fragolafree.hu\\\/about\\\/#primaryimage\"},\"thumbnailUrl\":\"https:\\\/\\\/fragolafree.hu\\\/wp-content\\\/uploads\\\/2022\\\/05\\\/IMG_4142-scaled-1024x980.jpg\",\"datePublished\":\"2021-02-25T11:45:03+00:00\",\"dateModified\":\"2022-06-01T09:11:28+00:00\",\"description\":\"A Dolce Farina Niente egy eg\u00e9szs\u00e9gtudatosan kialak\u00edtott bisztr\u00f3 l\u00e1nc, nem csak glut\u00e9n \u00e9rz\u00e9kenyeknek, hanem valamennyi eg\u00e9szs\u00e9gesen \u00e9tkezni k\u00edv\u00e1n\u00f3 vend\u00e9g\u00fcnk sz\u00e1m\u00e1ra.\",\"breadcrumb\":{\"@id\":\"https:\\\/\\\/fragolafree.hu\\\/about\\\/#breadcrumb\"},\"inLanguage\":\"en-US\",\"potentialAction\":[{\"@type\":\"ReadAction\",\"target\":[\"https:\\\/\\\/fragolafree.hu\\\/about\\\/\"]}]},{\"@type\":\"ImageObject\",\"inLanguage\":\"en-US\",\"@id\":\"https:\\\/\\\/fragolafree.hu\\\/about\\\/#primaryimage\",\"url\":\"https:\\\/\\\/fragolafree.hu\\\/wp-content\\\/uploads\\\/2022\\\/05\\\/IMG_4142-scaled-1024x980.jpg\",\"contentUrl\":\"https:\\\/\\\/fragolafree.hu\\\/wp-content\\\/uploads\\\/2022\\\/05\\\/IMG_4142-scaled-1024x980.jpg\"},{\"@type\":\"BreadcrumbList\",\"@id\":\"https:\\\/\\\/fragolafree.hu\\\/about\\\/#breadcrumb\",\"itemListElement\":[{\"@type\":\"ListItem\",\"position\":1,\"name\":\"Home\",\"item\":\"https:\\\/\\\/fragolafree.hu\\\/\"},{\"@type\":\"ListItem\",\"position\":2,\"name\":\"R\u00f3lunk\"}]},{\"@type\":\"WebSite\",\"@id\":\"https:\\\/\\\/fragolafree.hu\\\/#website\",\"url\":\"https:\\\/\\\/fragolafree.hu\\\/\",\"name\":\"Dolce Farine Niente\",\"description\":\"A glut\u00e9nmentes olasz\",\"potentialAction\":[{\"@type\":\"SearchAction\",\"target\":{\"@type\":\"EntryPoint\",\"urlTemplate\":\"https:\\\/\\\/fragolafree.hu\\\/?s={search_term_string}\"},\"query-input\":{\"@type\":\"PropertyValueSpecification\",\"valueRequired\":true,\"valueName\":\"search_term_string\"}}],\"inLanguage\":\"en-US\"}]}<\/script>\n<!-- \/ Yoast SEO plugin. -->","yoast_head_json":{"title":"R\u00f3lunk - Dolce Farine Niente","description":"A Dolce Farina Niente egy eg\u00e9szs\u00e9gtudatosan kialak\u00edtott bisztr\u00f3 l\u00e1nc, nem csak glut\u00e9n \u00e9rz\u00e9kenyeknek, hanem valamennyi eg\u00e9szs\u00e9gesen \u00e9tkezni k\u00edv\u00e1n\u00f3 vend\u00e9g\u00fcnk sz\u00e1m\u00e1ra.","robots":{"index":"index","follow":"follow","max-snippet":"max-snippet:-1","max-image-preview":"max-image-preview:large","max-video-preview":"max-video-preview:-1"},"canonical":"https:\/\/fragolafree.hu\/en\/about\/","og_locale":"en_US","og_type":"article","og_title":"R\u00f3lunk - Dolce Farine Niente","og_description":"A Dolce Farina Niente egy eg\u00e9szs\u00e9gtudatosan kialak\u00edtott bisztr\u00f3 l\u00e1nc, nem csak glut\u00e9n \u00e9rz\u00e9kenyeknek, hanem valamennyi eg\u00e9szs\u00e9gesen \u00e9tkezni k\u00edv\u00e1n\u00f3 vend\u00e9g\u00fcnk sz\u00e1m\u00e1ra.","og_url":"https:\/\/fragolafree.hu\/en\/about\/","og_site_name":"Dolce Farine Niente","article_modified_time":"2022-06-01T09:11:28+00:00","og_image":[{"url":"https:\/\/fragolafree.hu\/wp-content\/uploads\/2022\/05\/IMG_4142-scaled-1024x980.jpg","type":"","width":"","height":""}],"twitter_card":"summary_large_image","twitter_misc":{"Est. reading time":"2 minutes"},"schema":{"@context":"https:\/\/schema.org","@graph":[{"@type":"WebPage","@id":"https:\/\/fragolafree.hu\/about\/","url":"https:\/\/fragolafree.hu\/about\/","name":"R\u00f3lunk - Dolce Farine Niente","isPartOf":{"@id":"https:\/\/fragolafree.hu\/#website"},"primaryImageOfPage":{"@id":"https:\/\/fragolafree.hu\/about\/#primaryimage"},"image":{"@id":"https:\/\/fragolafree.hu\/about\/#primaryimage"},"thumbnailUrl":"https:\/\/fragolafree.hu\/wp-content\/uploads\/2022\/05\/IMG_4142-scaled-1024x980.jpg","datePublished":"2021-02-25T11:45:03+00:00","dateModified":"2022-06-01T09:11:28+00:00","description":"A Dolce Farina Niente egy eg\u00e9szs\u00e9gtudatosan kialak\u00edtott bisztr\u00f3 l\u00e1nc, nem csak glut\u00e9n \u00e9rz\u00e9kenyeknek, hanem valamennyi eg\u00e9szs\u00e9gesen \u00e9tkezni k\u00edv\u00e1n\u00f3 vend\u00e9g\u00fcnk sz\u00e1m\u00e1ra.","breadcrumb":{"@id":"https:\/\/fragolafree.hu\/about\/#breadcrumb"},"inLanguage":"en-US","potentialAction":[{"@type":"ReadAction","target":["https:\/\/fragolafree.hu\/about\/"]}]},{"@type":"ImageObject","inLanguage":"en-US","@id":"https:\/\/fragolafree.hu\/about\/#primaryimage","url":"https:\/\/fragolafree.hu\/wp-content\/uploads\/2022\/05\/IMG_4142-scaled-1024x980.jpg","contentUrl":"https:\/\/fragolafree.hu\/wp-content\/uploads\/2022\/05\/IMG_4142-scaled-1024x980.jpg"},{"@type":"BreadcrumbList","@id":"https:\/\/fragolafree.hu\/about\/#breadcrumb","itemListElement":[{"@type":"ListItem","position":1,"name":"Home","item":"https:\/\/fragolafree.hu\/"},{"@type":"ListItem","position":2,"name":"R\u00f3lunk"}]},{"@type":"WebSite","@id":"https:\/\/fragolafree.hu\/#website","url":"https:\/\/fragolafree.hu\/","name":"Dolce Farine Niente","description":"A glut\u00e9nmentes olasz","potentialAction":[{"@type":"SearchAction","target":{"@type":"EntryPoint","urlTemplate":"https:\/\/fragolafree.hu\/?s={search_term_string}"},"query-input":{"@type":"PropertyValueSpecification","valueRequired":true,"valueName":"search_term_string"}}],"inLanguage":"en-US"}]}},"_links":{"self":[{"href":"https:\/\/fragolafree.hu\/en\/wp-json\/wp\/v2\/pages\/4337","targetHints":{"allow":["GET"]}}],"collection":[{"href":"https:\/\/fragolafree.hu\/en\/wp-json\/wp\/v2\/pages"}],"about":[{"href":"https:\/\/fragolafree.hu\/en\/wp-json\/wp\/v2\/types\/page"}],"author":[{"embeddable":true,"href":"https:\/\/fragolafree.hu\/en\/wp-json\/wp\/v2\/users\/1"}],"replies":[{"embeddable":true,"href":"https:\/\/fragolafree.hu\/en\/wp-json\/wp\/v2\/comments?post=4337"}],"version-history":[{"count":120,"href":"https:\/\/fragolafree.hu\/en\/wp-json\/wp\/v2\/pages\/4337\/revisions"}],"predecessor-version":[{"id":5405,"href":"https:\/\/fragolafree.hu\/en\/wp-json\/wp\/v2\/pages\/4337\/revisions\/5405"}],"wp:attachment":[{"href":"https:\/\/fragolafree.hu\/en\/wp-json\/wp\/v2\/media?parent=4337"}],"curies":[{"name":"wp","href":"https:\/\/api.w.org\/{rel}","templated":true}]}}