{"id":5414,"date":"2022-06-01T10:07:10","date_gmt":"2022-06-01T10:07:10","guid":{"rendered":"https:\/\/dolcefarinaniente.hu\/?page_id=5414"},"modified":"2025-05-27T17:13:21","modified_gmt":"2025-05-27T17:13:21","slug":"menu","status":"publish","type":"page","link":"https:\/\/fragolafree.hu\/en\/menu\/","title":{"rendered":"Menu"},"content":{"rendered":"<div data-elementor-type=\"wp-page\" data-elementor-id=\"5414\" class=\"elementor elementor-5414\">\n\t\t\t\t\t\t\t\t\t<section class=\"elementor-section elementor-inner-section elementor-element elementor-element-4eeea4c0 elementor-section-full_width elementor-reverse-mobile elementor-section-height-default elementor-section-height-default\" data-id=\"4eeea4c0\" data-element_type=\"section\" data-settings=\"{&quot;background_background&quot;:&quot;classic&quot;,&quot;animation&quot;:&quot;none&quot;}\">\n\t\t\t\t\t\t<div class=\"elementor-container elementor-column-gap-default\">\n\t\t\t\t\t<div class=\"elementor-column elementor-col-50 elementor-inner-column elementor-element elementor-element-14600f42\" data-id=\"14600f42\" data-element_type=\"column\">\n\t\t\t<div class=\"elementor-widget-wrap elementor-element-populated\">\n\t\t\t\t\t\t\t\t<div class=\"elementor-element elementor-element-2db0f15a elementor-widget elementor-widget-heading\" data-id=\"2db0f15a\" data-element_type=\"widget\" data-widget_type=\"heading.default\">\n\t\t\t\t<div class=\"elementor-widget-container\">\n\t\t\t<h2 class=\"elementor-heading-title elementor-size-default\">Menu<\/h2>\t\t<\/div>\n\t\t\t\t<\/div>\n\t\t\t\t<div class=\"elementor-element elementor-element-10b8826c elementor-widget elementor-widget-text-editor\" data-id=\"10b8826c\" data-element_type=\"widget\" data-widget_type=\"text-editor.default\">\n\t\t\t\t<div class=\"elementor-widget-container\">\n\t\t\t\t\t\t\t<p>Our food variations are highly recommended for those guests who wish to follow a diverse and healthy diet without gluten. Our harmonious, ongoing menu meets also the demands of guests who would like to avoid consuming sugar or lactose. Learn more about our menu!<\/p>\n<p>Our objective is to create an island for our gluten-free, healthy eating communities and to help them discover a balanced and harmonious diet. We would like to make our guests happy by providing them with a new and varied menu and customized services.<\/p>\t\t\t\t\t\t<\/div>\n\t\t\t\t<\/div>\n\t\t\t\t<div class=\"elementor-element elementor-element-1efd11fb elementor-align-justify elementor-widget__width-initial elementor-widget elementor-widget-button\" data-id=\"1efd11fb\" data-element_type=\"widget\" data-widget_type=\"button.default\">\n\t\t\t\t<div class=\"elementor-widget-container\">\n\t\t\t\t\t<div class=\"elementor-button-wrapper\">\n\t\t\t<a class=\"elementor-button elementor-button-link elementor-size-sm\" href=\"https:\/\/fragolafree.hu\/wp-content\/uploads\/2025\/05\/free-etlap-250401_nyomda-1-2.pdf\" target=\"_blank\">\n\t\t\t\t\t\t<span class=\"elementor-button-content-wrapper\">\n\t\t\t\t\t\t<span class=\"elementor-button-text\">Foods<\/span>\n\t\t<\/span>\n\t\t\t\t\t<\/a>\n\t\t<\/div>\n\t\t\t\t<\/div>\n\t\t\t\t<\/div>\n\t\t\t\t<div class=\"elementor-element elementor-element-904d8be elementor-align-justify elementor-widget__width-initial elementor-widget elementor-widget-button\" data-id=\"904d8be\" data-element_type=\"widget\" data-widget_type=\"button.default\">\n\t\t\t\t<div class=\"elementor-widget-container\">\n\t\t\t\t\t<div class=\"elementor-button-wrapper\">\n\t\t\t<a class=\"elementor-button elementor-button-link elementor-size-sm\" href=\"https:\/\/fragolafree.hu\/wp-content\/uploads\/2025\/04\/italla.pdf\" target=\"_blank\">\n\t\t\t\t\t\t<span class=\"elementor-button-content-wrapper\">\n\t\t\t\t\t\t<span class=\"elementor-button-text\">Drinks<\/span>\n\t\t<\/span>\n\t\t\t\t\t<\/a>\n\t\t<\/div>\n\t\t\t\t<\/div>\n\t\t\t\t<\/div>\n\t\t\t\t\t<\/div>\n\t\t<\/div>\n\t\t\t\t<div class=\"elementor-column elementor-col-50 elementor-inner-column elementor-element elementor-element-37865428\" data-id=\"37865428\" data-element_type=\"column\">\n\t\t\t<div class=\"elementor-widget-wrap elementor-element-populated\">\n\t\t\t\t\t\t\t\t<div class=\"elementor-element elementor-element-232ba14d elementor-widget elementor-widget-image\" data-id=\"232ba14d\" data-element_type=\"widget\" data-widget_type=\"image.default\">\n\t\t\t\t<div class=\"elementor-widget-container\">\n\t\t\t\t\t\t\t\t\t\t\t\t\t\t\t<img decoding=\"async\" width=\"1024\" height=\"683\" src=\"https:\/\/fragolafree.hu\/wp-content\/uploads\/2021\/02\/ml_200922_0439-scaled-1024x683.jpg\" class=\"attachment-large size-large wp-image-3763\" alt=\"\" srcset=\"https:\/\/fragolafree.hu\/wp-content\/uploads\/2021\/02\/ml_200922_0439-scaled-1024x683.jpg 1024w, https:\/\/fragolafree.hu\/wp-content\/uploads\/2021\/02\/ml_200922_0439-scaled-300x200.jpg 300w, https:\/\/fragolafree.hu\/wp-content\/uploads\/2021\/02\/ml_200922_0439-scaled-768x512.jpg 768w, https:\/\/fragolafree.hu\/wp-content\/uploads\/2021\/02\/ml_200922_0439-scaled-1536x1024.jpg 1536w, https:\/\/fragolafree.hu\/wp-content\/uploads\/2021\/02\/ml_200922_0439-scaled-2048x1366.jpg 2048w\" sizes=\"(max-width: 1024px) 100vw, 1024px\" \/>\t\t\t\t\t\t\t\t\t\t\t\t\t\t\t<\/div>\n\t\t\t\t<\/div>\n\t\t\t\t\t<\/div>\n\t\t<\/div>\n\t\t\t\t\t\t\t<\/div>\n\t\t<\/section>\n\t\t\t\t\t\t\t<\/div>","protected":false},"excerpt":{"rendered":"<p>\u00c9TLAP \u00c9teleinket azoknak a vend\u00e9geknek aj\u00e1nljuk, akik glut\u00e9n elhagy\u00e1s\u00e1val, v\u00e1ltozatosan, eg\u00e9szs\u00e9gesen k\u00edv\u00e1nnak \u00e9lni. Harmonikus, folyamatosan meg\u00fajul\u00f3 \u00e9tlapunkkal gondolunk a cukor, lakt\u00f3z elhagy\u00e1s\u00e1ra t\u00f6rekv\u0151 vend\u00e9geinkre is. K\u00e9rj\u00fck ismerj\u00e9k meg k\u00edn\u00e1latunkat r\u00e9szletesen! C\u00e9lunk, hogy szigetet teremts\u00fcnk a gluten n\u00e9lk\u00fcl, eg\u00e9szs\u00e9gesen t\u00e1pl\u00e1lkozni k\u00edv\u00e1n\u00f3 k\u00f6z\u00f6ss\u00e9geknek \u00e9s utat mutassunk egy kiegyens\u00falyozott, harmonikus \u00e9trend megval\u00f3s\u00edt\u00e1s\u00e1hoz. Szeretn\u00e9nk v\u00e1ltozatos \u00e9s folyamatosan meg\u00fajul\u00f3 k\u00edn\u00e1latunkkal, &hellip;<\/p>\n<p class=\"read-more\"> <a class=\"\" href=\"https:\/\/fragolafree.hu\/en\/menu\/\"> <span class=\"screen-reader-text\">Menu<\/span> Read More &raquo;<\/a><\/p>","protected":false},"author":1,"featured_media":1314,"parent":0,"menu_order":0,"comment_status":"closed","ping_status":"closed","template":"","meta":{"footnotes":""},"class_list":["post-5414","page","type-page","status-publish","has-post-thumbnail","hentry"],"yoast_head":"<!-- This site is optimized with the Yoast SEO plugin v27.3 - https:\/\/yoast.com\/product\/yoast-seo-wordpress\/ -->\n<title>\u00c9tlap - Dolce Farine Niente<\/title>\n<meta name=\"description\" content=\"\u00c9teleinket azoknak a vend\u00e9geknek aj\u00e1nljuk, akik glut\u00e9n elhagy\u00e1s\u00e1val, v\u00e1ltozatosan, eg\u00e9szs\u00e9gesen k\u00edv\u00e1nnak \u00e9lni. Harmonikus, folyamatosan meg\u00fajul\u00f3 \u00e9tlapunkkal gondolunk a cukor, lakt\u00f3z elhagy\u00e1s\u00e1ra t\u00f6rekv\u0151 vend\u00e9geinkre is. K\u00e9rj\u00fck ismerj\u00e9k meg k\u00edn\u00e1latunkat r\u00e9szletesen!\" \/>\n<meta name=\"robots\" content=\"index, follow, max-snippet:-1, max-image-preview:large, max-video-preview:-1\" \/>\n<link rel=\"canonical\" href=\"https:\/\/fragolafree.hu\/en\/menu\/\" \/>\n<meta property=\"og:locale\" content=\"en_US\" \/>\n<meta property=\"og:type\" content=\"article\" \/>\n<meta property=\"og:title\" content=\"\u00c9tlap - Dolce Farine Niente\" \/>\n<meta property=\"og:description\" content=\"\u00c9teleinket azoknak a vend\u00e9geknek aj\u00e1nljuk, akik glut\u00e9n elhagy\u00e1s\u00e1val, v\u00e1ltozatosan, eg\u00e9szs\u00e9gesen k\u00edv\u00e1nnak \u00e9lni. Harmonikus, folyamatosan meg\u00fajul\u00f3 \u00e9tlapunkkal gondolunk a cukor, lakt\u00f3z elhagy\u00e1s\u00e1ra t\u00f6rekv\u0151 vend\u00e9geinkre is. K\u00e9rj\u00fck ismerj\u00e9k meg k\u00edn\u00e1latunkat r\u00e9szletesen!\" \/>\n<meta property=\"og:url\" content=\"https:\/\/fragolafree.hu\/en\/menu\/\" \/>\n<meta property=\"og:site_name\" content=\"Dolce Farine Niente\" \/>\n<meta property=\"article:modified_time\" content=\"2025-05-27T17:13:21+00:00\" \/>\n<meta property=\"og:image\" content=\"https:\/\/fragolafree.hu\/wp-content\/uploads\/2021\/02\/ml_200929_082-scaled.jpg\" \/>\n\t<meta property=\"og:image:width\" content=\"2560\" \/>\n\t<meta property=\"og:image:height\" content=\"1707\" \/>\n\t<meta property=\"og:image:type\" content=\"image\/jpeg\" \/>\n<meta name=\"twitter:card\" content=\"summary_large_image\" \/>\n<meta name=\"twitter:label1\" content=\"Est. reading time\" \/>\n\t<meta name=\"twitter:data1\" content=\"1 minute\" \/>\n<script type=\"application\/ld+json\" class=\"yoast-schema-graph\">{\"@context\":\"https:\\\/\\\/schema.org\",\"@graph\":[{\"@type\":\"WebPage\",\"@id\":\"https:\\\/\\\/fragolafree.hu\\\/menu\\\/\",\"url\":\"https:\\\/\\\/fragolafree.hu\\\/menu\\\/\",\"name\":\"\u00c9tlap - Dolce Farine Niente\",\"isPartOf\":{\"@id\":\"https:\\\/\\\/fragolafree.hu\\\/#website\"},\"primaryImageOfPage\":{\"@id\":\"https:\\\/\\\/fragolafree.hu\\\/menu\\\/#primaryimage\"},\"image\":{\"@id\":\"https:\\\/\\\/fragolafree.hu\\\/menu\\\/#primaryimage\"},\"thumbnailUrl\":\"https:\\\/\\\/fragolafree.hu\\\/wp-content\\\/uploads\\\/2021\\\/02\\\/ml_200929_082-scaled.jpg\",\"datePublished\":\"2022-06-01T10:07:10+00:00\",\"dateModified\":\"2025-05-27T17:13:21+00:00\",\"description\":\"\u00c9teleinket azoknak a vend\u00e9geknek aj\u00e1nljuk, akik glut\u00e9n elhagy\u00e1s\u00e1val, v\u00e1ltozatosan, eg\u00e9szs\u00e9gesen k\u00edv\u00e1nnak \u00e9lni. Harmonikus, folyamatosan meg\u00fajul\u00f3 \u00e9tlapunkkal gondolunk a cukor, lakt\u00f3z elhagy\u00e1s\u00e1ra t\u00f6rekv\u0151 vend\u00e9geinkre is. K\u00e9rj\u00fck ismerj\u00e9k meg k\u00edn\u00e1latunkat r\u00e9szletesen!\",\"breadcrumb\":{\"@id\":\"https:\\\/\\\/fragolafree.hu\\\/menu\\\/#breadcrumb\"},\"inLanguage\":\"en-US\",\"potentialAction\":[{\"@type\":\"ReadAction\",\"target\":[\"https:\\\/\\\/fragolafree.hu\\\/menu\\\/\"]}]},{\"@type\":\"ImageObject\",\"inLanguage\":\"en-US\",\"@id\":\"https:\\\/\\\/fragolafree.hu\\\/menu\\\/#primaryimage\",\"url\":\"https:\\\/\\\/fragolafree.hu\\\/wp-content\\\/uploads\\\/2021\\\/02\\\/ml_200929_082-scaled.jpg\",\"contentUrl\":\"https:\\\/\\\/fragolafree.hu\\\/wp-content\\\/uploads\\\/2021\\\/02\\\/ml_200929_082-scaled.jpg\",\"width\":2560,\"height\":1707},{\"@type\":\"BreadcrumbList\",\"@id\":\"https:\\\/\\\/fragolafree.hu\\\/menu\\\/#breadcrumb\",\"itemListElement\":[{\"@type\":\"ListItem\",\"position\":1,\"name\":\"Home\",\"item\":\"https:\\\/\\\/fragolafree.hu\\\/\"},{\"@type\":\"ListItem\",\"position\":2,\"name\":\"\u00c9tlap\"}]},{\"@type\":\"WebSite\",\"@id\":\"https:\\\/\\\/fragolafree.hu\\\/#website\",\"url\":\"https:\\\/\\\/fragolafree.hu\\\/\",\"name\":\"Dolce Farine Niente\",\"description\":\"A glut\u00e9nmentes olasz\",\"potentialAction\":[{\"@type\":\"SearchAction\",\"target\":{\"@type\":\"EntryPoint\",\"urlTemplate\":\"https:\\\/\\\/fragolafree.hu\\\/?s={search_term_string}\"},\"query-input\":{\"@type\":\"PropertyValueSpecification\",\"valueRequired\":true,\"valueName\":\"search_term_string\"}}],\"inLanguage\":\"en-US\"}]}<\/script>\n<!-- \/ Yoast SEO plugin. -->","yoast_head_json":{"title":"\u00c9tlap - Dolce Farine Niente","description":"\u00c9teleinket azoknak a vend\u00e9geknek aj\u00e1nljuk, akik glut\u00e9n elhagy\u00e1s\u00e1val, v\u00e1ltozatosan, eg\u00e9szs\u00e9gesen k\u00edv\u00e1nnak \u00e9lni. Harmonikus, folyamatosan meg\u00fajul\u00f3 \u00e9tlapunkkal gondolunk a cukor, lakt\u00f3z elhagy\u00e1s\u00e1ra t\u00f6rekv\u0151 vend\u00e9geinkre is. K\u00e9rj\u00fck ismerj\u00e9k meg k\u00edn\u00e1latunkat r\u00e9szletesen!","robots":{"index":"index","follow":"follow","max-snippet":"max-snippet:-1","max-image-preview":"max-image-preview:large","max-video-preview":"max-video-preview:-1"},"canonical":"https:\/\/fragolafree.hu\/en\/menu\/","og_locale":"en_US","og_type":"article","og_title":"\u00c9tlap - Dolce Farine Niente","og_description":"\u00c9teleinket azoknak a vend\u00e9geknek aj\u00e1nljuk, akik glut\u00e9n elhagy\u00e1s\u00e1val, v\u00e1ltozatosan, eg\u00e9szs\u00e9gesen k\u00edv\u00e1nnak \u00e9lni. Harmonikus, folyamatosan meg\u00fajul\u00f3 \u00e9tlapunkkal gondolunk a cukor, lakt\u00f3z elhagy\u00e1s\u00e1ra t\u00f6rekv\u0151 vend\u00e9geinkre is. K\u00e9rj\u00fck ismerj\u00e9k meg k\u00edn\u00e1latunkat r\u00e9szletesen!","og_url":"https:\/\/fragolafree.hu\/en\/menu\/","og_site_name":"Dolce Farine Niente","article_modified_time":"2025-05-27T17:13:21+00:00","og_image":[{"width":2560,"height":1707,"url":"https:\/\/fragolafree.hu\/wp-content\/uploads\/2021\/02\/ml_200929_082-scaled.jpg","type":"image\/jpeg"}],"twitter_card":"summary_large_image","twitter_misc":{"Est. reading time":"1 minute"},"schema":{"@context":"https:\/\/schema.org","@graph":[{"@type":"WebPage","@id":"https:\/\/fragolafree.hu\/menu\/","url":"https:\/\/fragolafree.hu\/menu\/","name":"\u00c9tlap - Dolce Farine Niente","isPartOf":{"@id":"https:\/\/fragolafree.hu\/#website"},"primaryImageOfPage":{"@id":"https:\/\/fragolafree.hu\/menu\/#primaryimage"},"image":{"@id":"https:\/\/fragolafree.hu\/menu\/#primaryimage"},"thumbnailUrl":"https:\/\/fragolafree.hu\/wp-content\/uploads\/2021\/02\/ml_200929_082-scaled.jpg","datePublished":"2022-06-01T10:07:10+00:00","dateModified":"2025-05-27T17:13:21+00:00","description":"\u00c9teleinket azoknak a vend\u00e9geknek aj\u00e1nljuk, akik glut\u00e9n elhagy\u00e1s\u00e1val, v\u00e1ltozatosan, eg\u00e9szs\u00e9gesen k\u00edv\u00e1nnak \u00e9lni. Harmonikus, folyamatosan meg\u00fajul\u00f3 \u00e9tlapunkkal gondolunk a cukor, lakt\u00f3z elhagy\u00e1s\u00e1ra t\u00f6rekv\u0151 vend\u00e9geinkre is. K\u00e9rj\u00fck ismerj\u00e9k meg k\u00edn\u00e1latunkat r\u00e9szletesen!","breadcrumb":{"@id":"https:\/\/fragolafree.hu\/menu\/#breadcrumb"},"inLanguage":"en-US","potentialAction":[{"@type":"ReadAction","target":["https:\/\/fragolafree.hu\/menu\/"]}]},{"@type":"ImageObject","inLanguage":"en-US","@id":"https:\/\/fragolafree.hu\/menu\/#primaryimage","url":"https:\/\/fragolafree.hu\/wp-content\/uploads\/2021\/02\/ml_200929_082-scaled.jpg","contentUrl":"https:\/\/fragolafree.hu\/wp-content\/uploads\/2021\/02\/ml_200929_082-scaled.jpg","width":2560,"height":1707},{"@type":"BreadcrumbList","@id":"https:\/\/fragolafree.hu\/menu\/#breadcrumb","itemListElement":[{"@type":"ListItem","position":1,"name":"Home","item":"https:\/\/fragolafree.hu\/"},{"@type":"ListItem","position":2,"name":"\u00c9tlap"}]},{"@type":"WebSite","@id":"https:\/\/fragolafree.hu\/#website","url":"https:\/\/fragolafree.hu\/","name":"Dolce Farine Niente","description":"A glut\u00e9nmentes olasz","potentialAction":[{"@type":"SearchAction","target":{"@type":"EntryPoint","urlTemplate":"https:\/\/fragolafree.hu\/?s={search_term_string}"},"query-input":{"@type":"PropertyValueSpecification","valueRequired":true,"valueName":"search_term_string"}}],"inLanguage":"en-US"}]}},"_links":{"self":[{"href":"https:\/\/fragolafree.hu\/en\/wp-json\/wp\/v2\/pages\/5414","targetHints":{"allow":["GET"]}}],"collection":[{"href":"https:\/\/fragolafree.hu\/en\/wp-json\/wp\/v2\/pages"}],"about":[{"href":"https:\/\/fragolafree.hu\/en\/wp-json\/wp\/v2\/types\/page"}],"author":[{"embeddable":true,"href":"https:\/\/fragolafree.hu\/en\/wp-json\/wp\/v2\/users\/1"}],"replies":[{"embeddable":true,"href":"https:\/\/fragolafree.hu\/en\/wp-json\/wp\/v2\/comments?post=5414"}],"version-history":[{"count":65,"href":"https:\/\/fragolafree.hu\/en\/wp-json\/wp\/v2\/pages\/5414\/revisions"}],"predecessor-version":[{"id":5542,"href":"https:\/\/fragolafree.hu\/en\/wp-json\/wp\/v2\/pages\/5414\/revisions\/5542"}],"wp:featuredmedia":[{"embeddable":true,"href":"https:\/\/fragolafree.hu\/en\/wp-json\/wp\/v2\/media\/1314"}],"wp:attachment":[{"href":"https:\/\/fragolafree.hu\/en\/wp-json\/wp\/v2\/media?parent=5414"}],"curies":[{"name":"wp","href":"https:\/\/api.w.org\/{rel}","templated":true}]}}